{"id":55,"date":"2019-08-05T17:34:01","date_gmt":"2019-08-05T17:34:01","guid":{"rendered":"http:\/\/www.forestalesjimena.es\/?page_id=55"},"modified":"2019-08-06T10:30:14","modified_gmt":"2019-08-06T10:30:14","slug":"fp-grado-superior","status":"publish","type":"page","link":"https:\/\/fpjimena.es\/?page_id=55","title":{"rendered":"FP Grado Superior"},"content":{"rendered":"\n<p> Los m\u00f3dulos que se imparten en este ciclo formativo son:<\/p>\n\n\n\n<p>Primer curso:<\/p>\n\n\n\n<ul><li> Gesti\u00f3n y Organizaci\u00f3n del Vivero Forestal. (GOVF) <\/li><li> Formaci\u00f3n y Orientaci\u00f3n Laboral.(FOL) <\/li><li> Mecanizaci\u00f3n e Instalaciones Agroforestales. (MIAF)  <\/li><li> Gesti\u00f3n de los Aprovechamientos del Medio Forestal. (GAMF) <\/li><li> Gesti\u00f3n de Montes.  (GEMO) <\/li><li> Topograf\u00eda Agraria.  (TOAG) <\/li><li> Bot\u00e1nica Agron\u00f3mica. (BOAG) <\/li><\/ul>\n\n\n\n<p>Segundo curso:<\/p>\n\n\n\n<ul><li>\n\tDefensa\n\tContra Incendios Forestales. (DCIF)\n\t<\/li><li>\n\tEmpresa\n\te Iniciativa Emprendedora. (EINEM)\n\t<\/li><li>\n\tFitopatolog\u00eda.\n\t (FIT)\n\t<\/li><li>\n\tGesti\u00f3n\n\tCineg\u00e9tica. (GECI)\n\t<\/li><li>\n\tGesti\u00f3n\n\tde la Conservaci\u00f3n del Medio Natural.  (GCMN)\n\t<\/li><li>\n\tGesti\u00f3n\n\tde la Pesca Continental.  (GPC)\n\t<\/li><li>\n\tT\u00e9cnicas\n\tde Educaci\u00f3n Ambiental. (TEA)\n\t<\/li><li>\n\tProyecto\n\tde Gesti\u00f3n Forestal y de Conservaci\u00f3n del Medio Natural. (PGFCMN)\n\t<\/li><li>\n\tFormaci\u00f3n\n\ten Centros de Trabajo.  (FCT)\n<\/li><\/ul>\n","protected":false},"excerpt":{"rendered":"<p>Los m\u00f3dulos que se imparten en este ciclo formativo son: Primer curso: Gesti\u00f3n y Organizaci\u00f3n del Vivero Forestal. (GOVF) Formaci\u00f3n y Orientaci\u00f3n Laboral.(FOL) Mecanizaci\u00f3n e Instalaciones Agroforestales. (MIAF) Gesti\u00f3n de los Aprovechamientos del Medio Forestal. (GAMF) Gesti\u00f3n de Montes. (GEMO) &hellip; <a href=\"https:\/\/fpjimena.es\/?page_id=55\">Continuar<\/a><\/p>\n","protected":false},"author":1,"featured_media":46,"parent":0,"menu_order":0,"comment_status":"closed","ping_status":"closed","template":"","meta":{"kt_blocks_editor_width":""},"_links":{"self":[{"href":"https:\/\/fpjimena.es\/index.php?rest_route=\/wp\/v2\/pages\/55"}],"collection":[{"href":"https:\/\/fpjimena.es\/index.php?rest_route=\/wp\/v2\/pages"}],"about":[{"href":"https:\/\/fpjimena.es\/index.php?rest_route=\/wp\/v2\/types\/page"}],"author":[{"embeddable":true,"href":"https:\/\/fpjimena.es\/index.php?rest_route=\/wp\/v2\/users\/1"}],"replies":[{"embeddable":true,"href":"https:\/\/fpjimena.es\/index.php?rest_route=%2Fwp%2Fv2%2Fcomments&post=55"}],"version-history":[{"count":2,"href":"https:\/\/fpjimena.es\/index.php?rest_route=\/wp\/v2\/pages\/55\/revisions"}],"predecessor-version":[{"id":103,"href":"https:\/\/fpjimena.es\/index.php?rest_route=\/wp\/v2\/pages\/55\/revisions\/103"}],"wp:featuredmedia":[{"embeddable":true,"href":"https:\/\/fpjimena.es\/index.php?rest_route=\/wp\/v2\/media\/46"}],"wp:attachment":[{"href":"https:\/\/fpjimena.es\/index.php?rest_route=%2Fwp%2Fv2%2Fmedia&parent=55"}],"curies":[{"name":"wp","href":"https:\/\/api.w.org\/{rel}","templated":true}]}}