{"id":51,"date":"2019-08-05T17:33:08","date_gmt":"2019-08-05T17:33:08","guid":{"rendered":"http:\/\/www.forestalesjimena.es\/?page_id=51"},"modified":"2019-08-06T09:51:01","modified_gmt":"2019-08-06T09:51:01","slug":"fp-basica","status":"publish","type":"page","link":"https:\/\/fpjimena.es\/?page_id=51","title":{"rendered":"FP B\u00e1sica de Agrojardiner\u00eda y Composiciones Florales."},"content":{"rendered":"\n<p>Los m\u00f3dulos que se ofertan en esta ense\u00f1anza son:<\/p>\n\n\n\n<p>Primer Curso:<\/p>\n\n\n\n<p><\/p>\n\n\n\n<p>Comunicaci\u00f3n y Sociedad I. <\/p>\n\n\n\n<p>Ciencias Aplicadas I. <\/p>\n\n\n\n<p>Operaciones Auxiliares de Preparaci\u00f3n del Terreno, Plantaci\u00f3n y Siembra de Cultivos. (OAPTPC). <\/p>\n\n\n\n<p>Operaciones B\u00e1sicas de Producci\u00f3n y Mantenimiento de Plantas en Viveros y Centros de Jardiner\u00eda. (OBPMPV) <\/p>\n\n\n\n<p>Operaciones B\u00e1sicas en Instalaci\u00f3n de Jardines, Parques y Zonas Verdes. (OBIJPZV) <\/p>\n\n\n\n<p><\/p>\n\n\n\n<p>Segundo Curso: <\/p>\n\n\n\n<p><\/p>\n\n\n\n<p> Comunicaci\u00f3n y Sociedad II. <\/p>\n\n\n\n<p> Ciencias Aplicadas II. <\/p>\n\n\n\n<p> Operaciones Auxiliares en la Elaboraci\u00f3n de Composiciones con Flores y Plantas. (OAECFP). <\/p>\n\n\n\n<p> Actividades de Riego, Abonado y Tratamientos en Cultivos. (ARATC) <\/p>\n\n\n\n<p> Materiales de Florister\u00eda. (MAFLO) <\/p>\n\n\n\n<p> Operaciones B\u00e1sicas para el Mantenimiento de Jardines, Parques y Zonas Verdes. (OBMJPZV). <\/p>\n\n\n\n<p> Formaci\u00f3n en Centros de Trabajo.   <\/p>\n","protected":false},"excerpt":{"rendered":"<p>Los m\u00f3dulos que se ofertan en esta ense\u00f1anza son: Primer Curso: Comunicaci\u00f3n y Sociedad I. Ciencias Aplicadas I. Operaciones Auxiliares de Preparaci\u00f3n del Terreno, Plantaci\u00f3n y Siembra de Cultivos. (OAPTPC). Operaciones B\u00e1sicas de Producci\u00f3n y Mantenimiento de Plantas en Viveros &hellip; <a href=\"https:\/\/fpjimena.es\/?page_id=51\">Continuar<\/a><\/p>\n","protected":false},"author":1,"featured_media":30,"parent":0,"menu_order":0,"comment_status":"closed","ping_status":"closed","template":"","meta":{"kt_blocks_editor_width":""},"_links":{"self":[{"href":"https:\/\/fpjimena.es\/index.php?rest_route=\/wp\/v2\/pages\/51"}],"collection":[{"href":"https:\/\/fpjimena.es\/index.php?rest_route=\/wp\/v2\/pages"}],"about":[{"href":"https:\/\/fpjimena.es\/index.php?rest_route=\/wp\/v2\/types\/page"}],"author":[{"embeddable":true,"href":"https:\/\/fpjimena.es\/index.php?rest_route=\/wp\/v2\/users\/1"}],"replies":[{"embeddable":true,"href":"https:\/\/fpjimena.es\/index.php?rest_route=%2Fwp%2Fv2%2Fcomments&post=51"}],"version-history":[{"count":6,"href":"https:\/\/fpjimena.es\/index.php?rest_route=\/wp\/v2\/pages\/51\/revisions"}],"predecessor-version":[{"id":88,"href":"https:\/\/fpjimena.es\/index.php?rest_route=\/wp\/v2\/pages\/51\/revisions\/88"}],"wp:featuredmedia":[{"embeddable":true,"href":"https:\/\/fpjimena.es\/index.php?rest_route=\/wp\/v2\/media\/30"}],"wp:attachment":[{"href":"https:\/\/fpjimena.es\/index.php?rest_route=%2Fwp%2Fv2%2Fmedia&parent=51"}],"curies":[{"name":"wp","href":"https:\/\/api.w.org\/{rel}","templated":true}]}}